{"id":81,"date":"2022-06-08T21:27:30","date_gmt":"2022-06-08T21:27:30","guid":{"rendered":"http:\/\/www.turgutdemir.com\/?page_id=81"},"modified":"2026-01-29T19:02:21","modified_gmt":"2026-01-29T19:02:21","slug":"egitimler","status":"publish","type":"page","link":"https:\/\/www.turgutdemir.com\/index.php\/egitimler\/","title":{"rendered":"E\u011fitim"},"content":{"rendered":"\n<h2 class=\"wp-block-heading alignwide has-black-color has-text-color has-background has-link-color wp-elements-a3d05b0910725b74492f56b0a877bd27\" id=\"we-re-a-studio-in-berlin-with-an-international-practice-in-architecture-urban-planning-and-interior-design-we-believe-in-sharing-knowledge-and-promoting-dialogue-to-increase-the-creative-potential-of-collaboration\" style=\"background-color:#e0e0e0;font-size:18px;font-style:normal;font-weight:600;line-height:1.1\"><strong>Y\u00fcksek Lisans<\/strong><\/h2>\n\n\n\n<ul class=\"wp-block-list\">\n<li>Siber G\u00fcvenlik<\/li>\n<\/ul>\n\n\n\n<h2 class=\"wp-block-heading alignwide has-black-color has-text-color has-background has-link-color wp-elements-64612b90c466615125157c43404d8485\" id=\"we-re-a-studio-in-berlin-with-an-international-practice-in-architecture-urban-planning-and-interior-design-we-believe-in-sharing-knowledge-and-promoting-dialogue-to-increase-the-creative-potential-of-collaboration\" style=\"background-color:#e0e0e0;font-size:18px;font-style:normal;font-weight:600;line-height:1.1\"><strong>Lisans<\/strong><\/h2>\n\n\n\n<ul class=\"wp-block-list\">\n<li>Y\u00f6netim Bili\u015fim Sistemleri<\/li>\n\n\n\n<li>\u0130stanbul \u00dcniversitesi <\/li>\n<\/ul>\n\n\n\n<h2 class=\"wp-block-heading alignwide has-black-color has-text-color has-background has-link-color wp-elements-2d4127d7de827076e3dcd3dff1d0629e\" id=\"we-re-a-studio-in-berlin-with-an-international-practice-in-architecture-urban-planning-and-interior-design-we-believe-in-sharing-knowledge-and-promoting-dialogue-to-increase-the-creative-potential-of-collaboration\" style=\"background-color:#e0e0e0;font-size:18px;font-style:normal;font-weight:600;line-height:1.1\"><strong>Yaz\u0131l\u0131m<\/strong><\/h2>\n\n\n\n<ul class=\"wp-block-list\">\n<li>Python<\/li>\n\n\n\n<li>Solidity<\/li>\n\n\n\n<li>C #<\/li>\n\n\n\n<li>Writing Queries Using Microsoft SQL Server<\/li>\n\n\n\n<li>Visual Studio: ADO.NET<\/li>\n\n\n\n<li>Developing Web Applications Using Microsoft Visual Studio<\/li>\n<\/ul>\n\n\n\n<h2 class=\"wp-block-heading alignwide has-black-color has-text-color has-background has-link-color wp-elements-65816126e1217a7a34e13601be7f7821\" id=\"we-re-a-studio-in-berlin-with-an-international-practice-in-architecture-urban-planning-and-interior-design-we-believe-in-sharing-knowledge-and-promoting-dialogue-to-increase-the-creative-potential-of-collaboration\" style=\"background-color:#e0e0e0;font-size:18px;font-style:normal;font-weight:600;line-height:1.1\"><strong>Veri ve Siber G\u00fcvenlik<\/strong><\/h2>\n\n\n\n<ul class=\"wp-block-list\">\n<li>KVKK Uzmanl\u0131k<\/li>\n\n\n\n<li>CEH<\/li>\n\n\n\n<li>A\u011f G\u00fcvenli\u011fi<\/li>\n\n\n\n<li>ISO 27001 Bilgi G\u00fcvenli\u011fi Y\u00f6netim Sistemi (BGYS) Ba\u015f Denet\u00e7i E\u011fitimi <\/li>\n\n\n\n<li>Bili\u015fim Hukuku<\/li>\n<\/ul>\n\n\n\n<h2 class=\"wp-block-heading alignwide has-black-color has-text-color has-background has-link-color wp-elements-da0c44328fc50582e69cb8eda5a107c7\" id=\"we-re-a-studio-in-berlin-with-an-international-practice-in-architecture-urban-planning-and-interior-design-we-believe-in-sharing-knowledge-and-promoting-dialogue-to-increase-the-creative-potential-of-collaboration\" style=\"background-color:#e0e0e0;font-size:18px;font-style:normal;font-weight:600;line-height:1.1\"><strong>Dijital D\u00f6n\u00fc\u015f\u00fcm Lideri (E\u011fitimi D\u00fczenleyen: <\/strong><strong>T.C. Cumhurba\u015fkanl\u0131\u011f\u0131 Dijital D\u00f6n\u00fc\u015f\u00fcm Ofisi<\/strong>)<\/h2>\n\n\n\n<ul class=\"wp-block-list\">\n<li>Mod\u00fcl 1 Dijital D\u00f6n\u00fc\u015f\u00fcm ve Dijital Devlet Temel Kavramlar<\/li>\n\n\n\n<li>Mod\u00fcl 2 BT Y\u00f6neti\u015fimi Standartlar\u0131 ve Kurumsal Mimarinin Temel Kavramlar\u0131 (<em>COBIT, ITIL, Kurumsal Mimari<\/em>)<\/li>\n\n\n\n<li>Mod\u00fcl 3 Uygulama Geli\u015ftirme Ya\u015fam D\u00f6ng\u00fcs\u00fc Kapsam\u0131nda Proje Y\u00f6netim Metotlar\u0131 (<em>Waterfall, Agile, RAD, DevOps, Spiral, Interactive, V-Model, Big Bang<\/em>)<\/li>\n\n\n\n<li>Mod\u00fcl 4 T\u00fcrkiye&#8217;de Dijital Devlet Y\u00f6neti\u015fimi ve B\u0130T Yat\u0131r\u0131mlar\u0131 D\u00f6ng\u00fcs\u00fc<\/li>\n\n\n\n<li>Mod\u00fcl 5 Teknikten Stratejiye Siber G\u00fcvenlik<\/li>\n\n\n\n<li>Mod\u00fcl 6 Veri Madencili\u011fi, B\u00fcy\u00fck Veri ve Yapay Zek\u00e2<\/li>\n\n\n\n<li>Mod\u00fcl 7 Dijital D\u00f6n\u00fc\u015f\u00fcmde Veriyi Y\u00f6netmek ve Veri Mahremiyeti<\/li>\n\n\n\n<li>Mod\u00fcl 8 Veri Kullan\u0131m\u0131 ve \u0130\u015f Zek\u00e2s\u0131<\/li>\n\n\n\n<li>Mod\u00fcl 9 Yaz\u0131l\u0131m Ekosistemi ve A\u00e7\u0131k Kaynak Sistemlere G\u00f6\u00e7<\/li>\n\n\n\n<li>Mod\u00fcl 10 Veri Merkezleri, Bulut Bili\u015fim ve B\u00fcy\u00fck Veri Mimarisi<\/li>\n\n\n\n<li>Mod\u00fcl 11 Yeni Nesil Teknolojiler ve Kamu Uygulamalar\u0131 (<em>Block zincir, ak\u0131ll\u0131 kontrat, NFT, Metaverse, sanal ger\u00e7eklik, art\u0131r\u0131lm\u0131\u015f ger\u00e7eklik, Dijital ikiz<\/em>)<\/li>\n\n\n\n<li>Mod\u00fcl 12 \u0130\u015f S\u00fcre\u00e7leri Y\u00f6netimi (BPM) ve Robotik S\u00fcre\u00e7 Otomasyonu (RPA) \u00c7\u00f6z\u00fcmleri<\/li>\n\n\n\n<li>Mod\u00fcl 13 \u0130\u015f Modeli \u0130novasyonu, Tasar\u0131m Odakl\u0131 D\u00fc\u015f\u00fcnmek ve Kullan\u0131c\u0131 Deneyimi Tasar\u0131m\u0131 (UI, UX)<\/li>\n\n\n\n<li>Mod\u00fcl 14 Stratejik Y\u00f6netim ve Kurumsal Dijital Olgunluk Analizi &#8211; Vaka Analizi<\/li>\n<\/ul>\n\n\n\n<h2 class=\"wp-block-heading alignwide has-black-color has-text-color has-background has-link-color wp-elements-16acb0fe2924117b195b3ac5d562b057\" id=\"we-re-a-studio-in-berlin-with-an-international-practice-in-architecture-urban-planning-and-interior-design-we-believe-in-sharing-knowledge-and-promoting-dialogue-to-increase-the-creative-potential-of-collaboration\" style=\"background-color:#e0e0e0;font-size:18px;font-style:normal;font-weight:600;line-height:1.1\"><strong>Proje Y\u00f6netim<\/strong>i<\/h2>\n\n\n\n<ul class=\"wp-block-list\">\n<li>IEEE Yaz\u0131l\u0131m Geli\u015ftirme Dok\u00fcmantasyon Standartlar\u0131<\/li>\n\n\n\n<li>IT Proje Y\u00f6netim E\u011fitimi<\/li>\n\n\n\n<li>CMMI Haz\u0131rl\u0131k E\u011fitimi<\/li>\n\n\n\n<li>CMMI \u0130\u00e7 Denetim Haz\u0131rl\u0131k E\u011fitimi<\/li>\n\n\n\n<li>PMI Proje Y\u00f6netimi<\/li>\n<\/ul>\n","protected":false},"excerpt":{"rendered":"<p>Y\u00fcksek Lisans Lisans Yaz\u0131l\u0131m Veri ve Siber G\u00fcvenlik Dijital D\u00f6n\u00fc\u015f\u00fcm Lideri (E\u011fitimi D\u00fczenleyen: T.C. Cumhurba\u015fkanl\u0131\u011f\u0131 Dijital D\u00f6n\u00fc\u015f\u00fcm Ofisi) Proje Y\u00f6netimi<\/p>\n","protected":false},"author":1,"featured_media":0,"parent":0,"menu_order":0,"comment_status":"closed","ping_status":"closed","template":"","meta":{"footnotes":""},"class_list":["post-81","page","type-page","status-publish","hentry"],"_links":{"self":[{"href":"https:\/\/www.turgutdemir.com\/index.php\/wp-json\/wp\/v2\/pages\/81","targetHints":{"allow":["GET"]}}],"collection":[{"href":"https:\/\/www.turgutdemir.com\/index.php\/wp-json\/wp\/v2\/pages"}],"about":[{"href":"https:\/\/www.turgutdemir.com\/index.php\/wp-json\/wp\/v2\/types\/page"}],"author":[{"embeddable":true,"href":"https:\/\/www.turgutdemir.com\/index.php\/wp-json\/wp\/v2\/users\/1"}],"replies":[{"embeddable":true,"href":"https:\/\/www.turgutdemir.com\/index.php\/wp-json\/wp\/v2\/comments?post=81"}],"version-history":[{"count":95,"href":"https:\/\/www.turgutdemir.com\/index.php\/wp-json\/wp\/v2\/pages\/81\/revisions"}],"predecessor-version":[{"id":986,"href":"https:\/\/www.turgutdemir.com\/index.php\/wp-json\/wp\/v2\/pages\/81\/revisions\/986"}],"wp:attachment":[{"href":"https:\/\/www.turgutdemir.com\/index.php\/wp-json\/wp\/v2\/media?parent=81"}],"curies":[{"name":"wp","href":"https:\/\/api.w.org\/{rel}","templated":true}]}}